{"id":1135,"date":"2023-06-21T12:45:15","date_gmt":"2023-06-21T14:45:15","guid":{"rendered":"https:\/\/pdf-barrierefrei.net\/?page_id=1135"},"modified":"2023-06-21T13:17:45","modified_gmt":"2023-06-21T15:17:45","slug":"impressum","status":"publish","type":"page","link":"https:\/\/pdf-barrierefrei.net\/?page_id=1135","title":{"rendered":"Impressum"},"content":{"rendered":"\t\t<div data-elementor-type=\"wp-page\" data-elementor-id=\"1135\" class=\"elementor elementor-1135\">\n\t\t\t\t\t\t\t\t\t<section class=\"elementor-section elementor-top-section elementor-element elementor-element-2e9cd3b elementor-section-boxed elementor-section-height-default elementor-section-height-default\" data-id=\"2e9cd3b\" data-element_type=\"section\">\n\t\t\t\t\t\t<div class=\"elementor-container elementor-column-gap-default\">\n\t\t\t\t\t<div class=\"elementor-column elementor-col-100 elementor-top-column elementor-element elementor-element-8516d12\" data-id=\"8516d12\" data-element_type=\"column\">\n\t\t\t<div class=\"elementor-widget-wrap elementor-element-populated\">\n\t\t\t\t\t\t\t\t<div class=\"elementor-element elementor-element-c60e690 elementor-widget elementor-widget-page-title\" data-id=\"c60e690\" data-element_type=\"widget\" data-settings=\"{&quot;align&quot;:&quot;center&quot;}\" data-widget_type=\"page-title.default\">\n\t\t\t\t<div class=\"elementor-widget-container\">\n\t\t\t\t\t\n\t\t<div class=\"hfe-page-title hfe-page-title-wrapper elementor-widget-heading\">\n\n\t\t\t\t\t\t\t\t\t\t\t<a href=\"https:\/\/pdf-barrierefrei.net\">\n\t\t\t\t\t\t<h1 class=\"elementor-heading-title elementor-size-default\">\n\t\t\t\t\t\t\t\t\n\t\t\t\tImpressum  \n\t\t\t<\/h1 > \n\t\t\t\t\t\t\t\t\t<\/a>\n\t\t\t\t\t<\/div>\n\t\t\t\t<\/div>\n\t\t\t\t<\/div>\n\t\t\t\t\t<\/div>\n\t\t<\/div>\n\t\t\t\t\t\t\t<\/div>\n\t\t<\/section>\n\t\t\t\t<section class=\"elementor-section elementor-top-section elementor-element elementor-element-7153533 elementor-section-boxed elementor-section-height-default elementor-section-height-default\" data-id=\"7153533\" data-element_type=\"section\">\n\t\t\t\t\t\t<div class=\"elementor-container elementor-column-gap-default\">\n\t\t\t\t\t<div class=\"elementor-column elementor-col-100 elementor-top-column elementor-element elementor-element-da4f370\" data-id=\"da4f370\" data-element_type=\"column\">\n\t\t\t<div class=\"elementor-widget-wrap elementor-element-populated\">\n\t\t\t\t\t\t\t\t<div class=\"elementor-element elementor-element-efcc816 elementor-widget elementor-widget-text-editor\" data-id=\"efcc816\" data-element_type=\"widget\" data-widget_type=\"text-editor.default\">\n\t\t\t\t<div class=\"elementor-widget-container\">\n\t\t\t<style>\/*! elementor - v3.14.0 - 18-06-2023 *\/\n.elementor-widget-text-editor.elementor-drop-cap-view-stacked .elementor-drop-cap{background-color:#69727d;color:#fff}.elementor-widget-text-editor.elementor-drop-cap-view-framed .elementor-drop-cap{color:#69727d;border:3px solid;background-color:transparent}.elementor-widget-text-editor:not(.elementor-drop-cap-view-default) .elementor-drop-cap{margin-top:8px}.elementor-widget-text-editor:not(.elementor-drop-cap-view-default) .elementor-drop-cap-letter{width:1em;height:1em}.elementor-widget-text-editor .elementor-drop-cap{float:left;text-align:center;line-height:1;font-size:50px}.elementor-widget-text-editor .elementor-drop-cap-letter{display:inline-block}<\/style>\t\t\t\t<p>pdf-barrierefrei.net ist ein Angebot der plan b computer UG. Diese Website wird mit gro\u00dfer Sorgfalt st\u00e4ndig \u00fcberarbeitet und aktualisiert. Sofern Sie dennoch Fehler bemerken oder Anregungen, Kommentare oder R\u00fcckfragen zu dieser Website haben, wenden Sie sich bitte an unser Homepage-Team unter: <a href=\"mailto:info@planb-systemhaus.de?subject=Hinweis%20auf%20Funktionsfehler%20der%20planb-website\">info@planb-computer.de<\/a><\/p><div><p><strong><br \/>plan b computer UG<\/strong><br \/>(haftungsbeschr\u00e4nkt)<br \/>Unter den Eichen 7D<br \/>65195 Wiesbaden<br \/>T.\u00a0 0611. 94 90 420<br \/>F.\u00a0 0611. 94 90 444<br \/>Email: <a href=\"mailto:info@planb-systemhaus.de\">info@planb-computer.de<\/a><\/p><p>Gesetzlicher Vertreter und Gesch\u00e4ftsf\u00fchrer: Wilfried Bargenda<br \/>Inhaltlich verantwortlicher gem\u00e4\u00df \u00a7 6 MDStV: Wilfried Bargenda<br \/>Registergericht:\u00a0 Amtsgericht Wiesbaden<br \/>Registernummer: HRB Wiesbaden 31235<br \/>Umsatzsteuer-Identifikationsnummer gem\u00e4\u00df \u00a7 27 a Umsatzsteuergesetz: DE325638044<\/p><p><strong>Haftungshinweis:<\/strong><br \/>Unsere Website haben wir sehr sorgf\u00e4ltig zusammengestellt. F\u00fcr die Richtigkeit und Vollst\u00e4ndigkeit der Angaben k\u00f6nnen wir dennoch keine Haftung \u00fcbernehmen. Die Inhalte k\u00f6nnen aus welchen Gr\u00fcnden und Form auch immer \u00fcberdies ohne vorherige Ank\u00fcndigung aktualisiert, erweitert, gek\u00fcrzt oder anderweitig angepasst oder ge\u00e4ndert werden. Trotz sorgf\u00e4ltiger inhaltlicher Kontrolle \u00fcbernehmen wir keine Haftung f\u00fcr die Inhalte externer Links. F\u00fcr den Inhalt der verlinkten Seiten sind ausschlie\u00dflich deren Betreiber verantwortlich.<\/p><\/div>\t\t\t\t\t\t<\/div>\n\t\t\t\t<\/div>\n\t\t\t\t\t<\/div>\n\t\t<\/div>\n\t\t\t\t\t\t\t<\/div>\n\t\t<\/section>\n\t\t\t\t<section class=\"elementor-section elementor-top-section elementor-element elementor-element-7766f11 elementor-section-boxed elementor-section-height-default elementor-section-height-default\" data-id=\"7766f11\" data-element_type=\"section\">\n\t\t\t\t\t\t<div class=\"elementor-container elementor-column-gap-default\">\n\t\t\t\t\t<div class=\"elementor-column elementor-col-100 elementor-top-column elementor-element elementor-element-ea05230\" data-id=\"ea05230\" data-element_type=\"column\">\n\t\t\t<div class=\"elementor-widget-wrap\">\n\t\t\t\t\t\t\t\t\t<\/div>\n\t\t<\/div>\n\t\t\t\t\t\t\t<\/div>\n\t\t<\/section>\n\t\t\t\t\t\t\t<\/div>\n\t\t","protected":false},"excerpt":{"rendered":"<p>Impressum pdf-barrierefrei.net ist ein Angebot der plan b computer UG. Diese Website wird mit gro\u00dfer Sorgfalt st\u00e4ndig \u00fcberarbeitet und aktualisiert. Sofern Sie dennoch Fehler bemerken oder Anregungen, Kommentare oder R\u00fcckfragen zu dieser Website haben, wenden Sie sich bitte an unser Homepage-Team unter: info@planb-computer.de plan b computer UG(haftungsbeschr\u00e4nkt)Unter den Eichen 7D65195 WiesbadenT.\u00a0 0611. 94 90 420F.\u00a0 [&hellip;]<\/p>\n","protected":false},"author":2,"featured_media":0,"parent":0,"menu_order":0,"comment_status":"closed","ping_status":"closed","template":"elementor_header_footer","meta":[],"_links":{"self":[{"href":"https:\/\/pdf-barrierefrei.net\/index.php?rest_route=\/wp\/v2\/pages\/1135"}],"collection":[{"href":"https:\/\/pdf-barrierefrei.net\/index.php?rest_route=\/wp\/v2\/pages"}],"about":[{"href":"https:\/\/pdf-barrierefrei.net\/index.php?rest_route=\/wp\/v2\/types\/page"}],"author":[{"embeddable":true,"href":"https:\/\/pdf-barrierefrei.net\/index.php?rest_route=\/wp\/v2\/users\/2"}],"replies":[{"embeddable":true,"href":"https:\/\/pdf-barrierefrei.net\/index.php?rest_route=%2Fwp%2Fv2%2Fcomments&post=1135"}],"version-history":[{"count":10,"href":"https:\/\/pdf-barrierefrei.net\/index.php?rest_route=\/wp\/v2\/pages\/1135\/revisions"}],"predecessor-version":[{"id":1145,"href":"https:\/\/pdf-barrierefrei.net\/index.php?rest_route=\/wp\/v2\/pages\/1135\/revisions\/1145"}],"wp:attachment":[{"href":"https:\/\/pdf-barrierefrei.net\/index.php?rest_route=%2Fwp%2Fv2%2Fmedia&parent=1135"}],"curies":[{"name":"wp","href":"https:\/\/api.w.org\/{rel}","templated":true}]}}