{"id":1154,"date":"2023-06-21T13:32:35","date_gmt":"2023-06-21T15:32:35","guid":{"rendered":"https:\/\/pdf-barrierefrei.net\/?page_id=1154"},"modified":"2023-06-21T13:49:11","modified_gmt":"2023-06-21T15:49:11","slug":"agb","status":"publish","type":"page","link":"https:\/\/pdf-barrierefrei.net\/?page_id=1154","title":{"rendered":"AGB"},"content":{"rendered":"\t\t<div data-elementor-type=\"wp-page\" data-elementor-id=\"1154\" class=\"elementor elementor-1154\">\n\t\t\t\t\t\t\t\t\t<section class=\"elementor-section elementor-top-section elementor-element elementor-element-2e9cd3b elementor-section-boxed elementor-section-height-default elementor-section-height-default\" data-id=\"2e9cd3b\" data-element_type=\"section\">\n\t\t\t\t\t\t<div class=\"elementor-container elementor-column-gap-default\">\n\t\t\t\t\t<div class=\"elementor-column elementor-col-100 elementor-top-column elementor-element elementor-element-8516d12\" data-id=\"8516d12\" data-element_type=\"column\">\n\t\t\t<div class=\"elementor-widget-wrap elementor-element-populated\">\n\t\t\t\t\t\t\t\t<div class=\"elementor-element elementor-element-5bc54c2 elementor-widget elementor-widget-heading\" data-id=\"5bc54c2\" data-element_type=\"widget\" data-widget_type=\"heading.default\">\n\t\t\t\t<div class=\"elementor-widget-container\">\n\t\t\t<style>\/*! elementor - v3.14.0 - 18-06-2023 *\/\n.elementor-heading-title{padding:0;margin:0;line-height:1}.elementor-widget-heading .elementor-heading-title[class*=elementor-size-]>a{color:inherit;font-size:inherit;line-height:inherit}.elementor-widget-heading .elementor-heading-title.elementor-size-small{font-size:15px}.elementor-widget-heading .elementor-heading-title.elementor-size-medium{font-size:19px}.elementor-widget-heading .elementor-heading-title.elementor-size-large{font-size:29px}.elementor-widget-heading .elementor-heading-title.elementor-size-xl{font-size:39px}.elementor-widget-heading .elementor-heading-title.elementor-size-xxl{font-size:59px}<\/style><h2 class=\"elementor-heading-title elementor-size-default\">AGB - Allgemeine Gesch\u00e4ftsbedingungen<\/h2>\t\t<\/div>\n\t\t\t\t<\/div>\n\t\t\t\t\t<\/div>\n\t\t<\/div>\n\t\t\t\t\t\t\t<\/div>\n\t\t<\/section>\n\t\t\t\t<section class=\"elementor-section elementor-top-section elementor-element elementor-element-e46622f elementor-section-boxed elementor-section-height-default elementor-section-height-default\" data-id=\"e46622f\" data-element_type=\"section\">\n\t\t\t\t\t\t<div class=\"elementor-container elementor-column-gap-default\">\n\t\t\t\t\t<div class=\"elementor-column elementor-col-100 elementor-top-column elementor-element elementor-element-d22737e\" data-id=\"d22737e\" data-element_type=\"column\">\n\t\t\t<div class=\"elementor-widget-wrap elementor-element-populated\">\n\t\t\t\t\t\t\t\t<div class=\"elementor-element elementor-element-8fd3d01 elementor-widget elementor-widget-text-editor\" data-id=\"8fd3d01\" data-element_type=\"widget\" data-widget_type=\"text-editor.default\">\n\t\t\t\t<div class=\"elementor-widget-container\">\n\t\t\t<style>\/*! elementor - v3.14.0 - 18-06-2023 *\/\n.elementor-widget-text-editor.elementor-drop-cap-view-stacked .elementor-drop-cap{background-color:#69727d;color:#fff}.elementor-widget-text-editor.elementor-drop-cap-view-framed .elementor-drop-cap{color:#69727d;border:3px solid;background-color:transparent}.elementor-widget-text-editor:not(.elementor-drop-cap-view-default) .elementor-drop-cap{margin-top:8px}.elementor-widget-text-editor:not(.elementor-drop-cap-view-default) .elementor-drop-cap-letter{width:1em;height:1em}.elementor-widget-text-editor .elementor-drop-cap{float:left;text-align:center;line-height:1;font-size:50px}.elementor-widget-text-editor .elementor-drop-cap-letter{display:inline-block}<\/style>\t\t\t\t<div id=\"content\" class=\"site-content\"><div id=\"primary\" class=\"content-area\"><article id=\"post-13\" class=\"post-13 page type-page status-publish hentry gallery-content-unit\"><div class=\"entry-content\"><table width=\"1351\"><tbody><tr><td width=\"59\"><strong>1<\/strong><\/td><td width=\"583\"><strong>Allgemeines, Geltungsbereich<\/strong><\/td><\/tr><tr><td height=\"10\">&nbsp;<\/td><\/tr><tr><td width=\"59\">1.1<\/td><td width=\"583\">F\u00fcr alle gegenw\u00e4rtigen und zuk\u00fcnftigen Gesch\u00e4ftsbeziehungen der plan b computer UG gelten ausschlie\u00dflich die hier aufgef\u00fchrten allgemeinen Gesch\u00e4ftsbedingungen. Entgegenstehende oder abweichende Gesch\u00e4ftsbedingungen sind selbst bei Kenntnis unverbindlich, es sei denn, die plan b computer UG stimmt deren Geltung schriftlich zu. S\u00e4mtlichen entgegenstehenden oder abweichenden Gesch\u00e4ftsbedingungen wird hiermit ausdr\u00fccklich widersprochen.<\/td><\/tr><tr><td height=\"10\">&nbsp;<\/td><\/tr><tr><td width=\"59\"><strong>2<\/strong><\/td><td width=\"583\"><strong>Vertragsabschluss<\/strong><\/td><\/tr><tr><td height=\"10\">&nbsp;<\/td><\/tr><tr><td width=\"59\">2.1<\/td><td width=\"583\">Die Angebote der plan b computer UG sind freibleibend und unverbindlich, sofern keine Bindungsdauer vereinbart wurde.<\/td><\/tr><tr><td height=\"10\">&nbsp;<\/td><\/tr><tr><td width=\"59\">2.2<\/td><td width=\"583\">Der Kunde ist an seinen Auftrag vier Wochen nach Zugang bei der plan b computer UG gebunden. Ein Vertrag kommt mit Zugang der schriftlichen Best\u00e4tigung von der plan b computer UG oder Anlieferung beim Kunden zustande.<\/td><\/tr><tr><td height=\"10\">&nbsp;<\/td><\/tr><tr><td width=\"59\">2.3<\/td><td width=\"583\">Art und Umfang der Lieferung bestimmt sich ausschlie\u00dflich nach der Auftragsbest\u00e4tigung durch die plan b computer UG. Etwaige irrtumsbedingte Fehler in Verkaufsprospekten, Preislisten, Angebotsunterlagen oder sonstigen Dokumentationen der plan b computer UG d\u00fcrfen berichtigt werden, ohne dass eine Schadensersatzpflicht entsteht.<\/td><\/tr><tr><td height=\"10\">&nbsp;<\/td><\/tr><tr><td width=\"59\"><strong>3<\/strong><\/td><td width=\"583\"><strong>Zahlung, Aufrechnung, Zur\u00fcckbehaltungsrecht<\/strong><\/td><\/tr><tr><td height=\"10\">&nbsp;<\/td><\/tr><tr><td width=\"59\">3.1<\/td><td width=\"583\">Der Kaufpreis ist der von plan b computer UG genannte Preis und gilt ab Werk, exklusive MwSt.. Wird kein Preis genannt, gilt die g\u00fcltige Preisliste der plan b computer UG. Beim Versandkauf werden Verpackungs-, Verladungs-, Frachtkosten, Zollkosten und andere zugeh\u00f6rige Kosten gesondert berechnet. Verweigert oder vers\u00e4umt der Kunde bei Lieferung die Annahme, so mu\u00df er dennoch zahlen.<\/td><\/tr><tr><td height=\"10\">&nbsp;<\/td><\/tr><tr><td width=\"59\">3.2<\/td><td width=\"583\">Steigen nach Vertragsschluss die Kostenfaktoren f\u00fcr die Herstellung des Vertragsgegenstandes, wie etwa L\u00f6hne, Geh\u00e4lter, Material- oder Produktionskosten, ist die plan b computer UG berechtigt, die Preise entsprechend zu erh\u00f6hen.<\/td><\/tr><tr><td height=\"10\">&nbsp;<\/td><\/tr><tr><td width=\"59\">3.3<\/td><td width=\"583\">Rechnungen der plan b computer UG sind nach Bereitstellung der Ware ohne Abzug f\u00e4llig und innerhalb von 10 Tagen zahlbar. Bei Verzug ist die Geldschuld mit 8% \u00fcber dem Basiszinssatz zu verzinsen. Die Geltendmachung weitergehender Verzugssch\u00e4den ist vorbehalten.<\/td><\/tr><tr><td height=\"10\">&nbsp;<\/td><\/tr><tr><td width=\"59\">3.4<\/td><td width=\"583\">Der Kunde kann nur mit rechtskr\u00e4ftig festgestellten oder anerkannten Gegenanspr\u00fcchen aufrechnen. Ein Zur\u00fcckbehaltungsrecht des Kunden besteht nur bei Gegenanspr\u00fcchen aus demselben Vertragsverh\u00e4ltnis.<\/td><\/tr><tr><td height=\"10\">&nbsp;<\/td><\/tr><tr><td width=\"59\"><strong>4<\/strong><\/td><td width=\"583\"><strong>Lieferung<\/strong><\/td><\/tr><tr><td height=\"10\">&nbsp;<\/td><\/tr><tr><td width=\"59\">4.1<\/td><td width=\"583\">Die Liefer- bzw. Bereitstellungszeiten sind unverbindlich, sofern sie nicht nicht schriftlich von der plan b computer UG zugesagt wurden.<\/td><\/tr><tr><td height=\"10\">&nbsp;<\/td><\/tr><tr><td width=\"59\">4.2<\/td><td width=\"583\">Die plan b computer UG ist zu Vorab- und Teillieferungen berechtigt.<\/td><\/tr><tr><td height=\"10\">&nbsp;<\/td><\/tr><tr><td width=\"59\">4.3<\/td><td width=\"583\">Wird der plan b computer UG die Lieferung bzw. Bereitstellung infolge h\u00f6herer Gewalt, die 3 Monate oder l\u00e4nger anh\u00e4lt, unm\u00f6glich, entf\u00e4llt die Lieferpflicht.<\/td><\/tr><tr><td height=\"10\">&nbsp;<\/td><\/tr><tr><td width=\"59\">4.4<\/td><td width=\"583\">Die plan b computer UG ist berechtigt, die Lieferung bzw. Bereitstellung um die Dauer der Behinderung durch h\u00f6here Gewalt hinauszuschieben.<\/td><\/tr><tr><td height=\"10\">&nbsp;<\/td><\/tr><tr><td width=\"59\">4.5<\/td><td width=\"583\">Unter den Begriff der h\u00f6heren Gewalt fallen alle Umst\u00e4nde, welche die plan b computer UG nicht zu vertreten hat und durch die die Lieferung unm\u00f6glich oder unzumutbar erschwert wird, wie z.B. Streik, rechtm\u00e4\u00dfige Aussperrung, Krieg, Ein- und Ausfuhrverbote, Energie- und Rohstoffmangel und von der&nbsp; plan b computer UG nicht zu vertretende, nicht rechtzeitige Selbstlieferung. Wird die plan b computer UG von seiner Lieferpflicht frei, kann der Kunde vom Vertrag zur\u00fccktreten. Schadensersatz wegen Nichterf\u00fcllung darf der Kunde nur geltend machen, wenn der Lieferverzug auf grobem Verschulden oder auf Vorsatz der plan b computer UG beruht.<\/td><\/tr><tr><td height=\"10\">&nbsp;<\/td><\/tr><tr><td width=\"59\"><strong>5<\/strong><\/td><td width=\"583\"><strong>Gefahr\u00fcbergang<\/strong><\/td><\/tr><tr><td height=\"10\">&nbsp;<\/td><\/tr><tr><td width=\"59\">5.1<\/td><td width=\"583\">Die Gefahr geht auf den Kunden \u00fcber, sobald der Vertragsgegenstand ab Werk abgesendet bzw. an die den Transport ausf\u00fchrende Person oder den Kunden \u00fcbergeben wird. Dies gilt auch beim Transport durch die plan b computer UG selbst.<\/td><\/tr><tr><td height=\"10\">&nbsp;<\/td><\/tr><tr><td width=\"59\">5.2<\/td><td width=\"583\">Verz\u00f6gert sich der Versand bzw. die Abholung infolge von Umst\u00e4nden, die der Kunde zu vertreten hat, so geht die Gefahr mit der Versandbereitschaft auf ihn \u00fcber.<\/td><\/tr><tr><td height=\"10\">&nbsp;<\/td><\/tr><tr><td width=\"59\"><strong>6<\/strong><\/td><td width=\"583\"><strong>Rechte des Kunden bei M\u00e4ngeln<\/strong><\/td><\/tr><tr><td height=\"10\">&nbsp;<\/td><\/tr><tr><td width=\"59\">6.1<\/td><td width=\"583\">Der Kunde hat die gelieferten Waren unverz\u00fcglich nach Erhalt zu \u00fcberpr\u00fcfen. Offensichtliche M\u00e4ngel sind binnen einer Woche nach Zugang der Ware schriftlich anzuzeigen, verdeckte M\u00e4ngel binnen 2 Wochen nach deren Auftreten, und maximal innerhalb eines Jahres nach Lieferung. Vers\u00e4umt der Kunde die Fristen zur M\u00e4ngelanzeige, gilt die Ware als genehmigt und Rechte aus Ziffer 6.2 und 6.3 bestehen dann nicht.<\/td><\/tr><tr><td height=\"10\">&nbsp;<\/td><\/tr><tr><td width=\"59\">6.2<\/td><td width=\"583\">Steht dem Kunden aufgrund eines rechtzeitig angezeigten Mangels ein Nacherf\u00fcllungsanspruch zu, kann die plan b computer UG den Mangel unentgeltlich beseitigen oder eine mangelfreie Sache liefern.<\/td><\/tr><tr><td height=\"10\">&nbsp;<\/td><\/tr><tr><td width=\"59\">6.3<\/td><td width=\"583\">Schl\u00e4gt eine Nachbesserung durch die plan b computer UG zweimal fehl, erbringt die plan b computer UG die Nacherf\u00fcllung nicht oder nicht innerhalb der vom Kunden gesetzten angemessenen Nachfrist, kann der Kunde den Vertrag mindern oder vom Vertrag zur\u00fccktreten. Der Kunde kann statt der Leistung Aufwendungs- oder Schadensersatz verlangen. W\u00e4hlt der Kunde den R\u00fccktritt vom Vertrag, steht ihm daneben kein Schadensersatz wegen des Mangels zu.<\/td><\/tr><tr><td height=\"10\">&nbsp;<\/td><\/tr><tr><td width=\"59\">6.4<\/td><td width=\"583\">Unter der Voraussetzung, dass die plan b computer UG nicht betr\u00fcgerisch handelt und dass der Kunde ein gewerblicher Kunde ist, verj\u00e4hren s\u00e4mtliche Anspr\u00fcche des Kunden bez\u00fcglich der gelieferten G\u00fcter ein Jahr nach \u00dcbergabe der G\u00fcter.<\/td><\/tr><tr><td height=\"10\">&nbsp;<\/td><\/tr><tr><td width=\"59\"><strong>7<\/strong><\/td><td width=\"583\"><strong>Haftung<\/strong><\/td><\/tr><tr><td height=\"10\">&nbsp;<\/td><\/tr><tr><td width=\"59\">7.1<\/td><td width=\"583\">F\u00fcr alle vors\u00e4tzlich oder durch grobe Fahrl\u00e4ssigkeit verursachten Sch\u00e4den haftet die plan b computer UG ohne Beschr\u00e4nkung. Weiterhin haftet die plan b computer UG unbeschr\u00e4nkt f\u00fcr einfache Fahrl\u00e4ssigkeit bei Sch\u00e4den aus der Verletzung des Lebens, des K\u00f6rpers oder der Gesundheit. In allen anderen F\u00e4llen haftet die plan b computer UG nur bis zur H\u00f6he der dem Kunden in Rechnung gestellten G\u00fcter.<\/td><\/tr><tr><td height=\"10\">&nbsp;<\/td><\/tr><tr><td width=\"59\">7.2<\/td><td width=\"583\">F\u00fcr einfache Fahrl\u00e4ssigkeit haftet die plan b computer UG nur bei vertragstypischen und vorhersehbaren Sch\u00e4den, sofern wesentliche Vertragspflichten (Kardinalpflichten) verletzt werden, sowie bei zurechenbaren K\u00f6rper- und Gesundheitssch\u00e4den.<\/td><\/tr><tr><td height=\"10\">&nbsp;<\/td><\/tr><tr><td width=\"59\">7.3<\/td><td width=\"583\">Eine Haftung f\u00fcr mittelbare und unvorhersehbare Sch\u00e4den sowie Mangelfolgesch\u00e4den und entgangenem Gewinn ist bei einfacher Fahrl\u00e4ssigkeit ausgeschlossen.<\/td><\/tr><tr><td height=\"10\">&nbsp;<\/td><\/tr><tr><td width=\"59\">7.4<\/td><td width=\"583\">Eine weitergehende Haftung der plan b computer UG als in diesen Gesch\u00e4ftsbedingungen vorgesehen, ist ausgeschlossen.<\/td><\/tr><tr><td height=\"10\">&nbsp;<\/td><\/tr><tr><td width=\"59\">7.5<\/td><td width=\"583\">Soweit die Haftung der plan b computer UG ausgeschlossen oder beschr\u00e4nkt ist, gilt dies auch f\u00fcr die pers\u00f6nliche Haftung von Erf\u00fcllungsgehilfen.<\/td><\/tr><tr><td height=\"10\">&nbsp;<\/td><\/tr><tr><td width=\"59\">7.6<\/td><td width=\"583\">Diese Haftungsbeschr\u00e4nkungen gelten nicht f\u00fcr eine gesetzlich vorgeschriebene verschuldensunabh\u00e4ngige Haftung, insbesondere aus Garantie oder Produkthaftungsgesetz.<\/td><\/tr><tr><td height=\"10\">&nbsp;<\/td><\/tr><tr><td width=\"59\"><strong>8<\/strong><\/td><td width=\"583\"><strong>Eigentumsvorbehalt<\/strong><\/td><\/tr><tr><td height=\"10\">&nbsp;<\/td><\/tr><tr><td width=\"59\">8.1<\/td><td width=\"583\">Die gelieferten Waren bleiben bis zur vollst\u00e4ndigen Bezahlung Eigentum der plan b computer UG. Das Eigentum geht erst mit Ausgleich s\u00e4mtlicher Verbindlichkeiten aus der laufenden Gesch\u00e4ftsbeziehung auf den Kunden \u00fcber.<\/td><\/tr><tr><td height=\"10\">&nbsp;<\/td><\/tr><tr><td width=\"59\">8.2<\/td><td width=\"583\">Der Kunde ist nicht berechtigt, die Vorbehaltsware zu verpf\u00e4nden, zur Sicherung zu \u00fcbereignen, zu verarbeiten oder umzugestalten. Er ist berechtigt, die Ware im ordentlichen Gesch\u00e4ftsgang an Dritte zu ver\u00e4u\u00dfern, es sei denn, es besteht f\u00fcr die Gegenleistung ein Abtretungsverbot zwischen dem Kunden und dem Dritten. Erwirbt ein Dritter Rechte an dem Sicherungsgut, so tritt der Kunde schon jetzt s\u00e4mtliche hierdurch entstehenden Rechte an die plan b computer UG ab, die durch die Weiterver\u00e4u\u00dferung gegen den Dritten erwachsen. Die plan b computer UG nimmt die Abtretung an.<\/td><\/tr><tr><td height=\"10\">&nbsp;<\/td><\/tr><tr><td width=\"59\">8.3<\/td><td width=\"583\">Eine Verbindung, Vermischung oder Verarbeitung des Vertragsgegenstandes (\u00a7\u00a7 947, 948 und 950 BGB) gilt als im Auftrag der plan b computer UG erfolgt. Die plan b computer UG erwirbt das Eigentum an der hergestellten Sache im Verh\u00e4ltnis des Rechnungswertes der eigenen Leistung zum Gesamtrechnungswert der hergestellten Sache. Im Falle der Weiterver\u00e4u\u00dferung gilt die Abtretung der Forderung aus dem Weiterverkauf entsprechend Ziffer 8.2 nur bis zur H\u00f6he des Rechnungswertes der von der plan b computer UG erbrachten Leistung.<\/td><\/tr><tr><td height=\"10\">&nbsp;<\/td><\/tr><tr><td width=\"59\">8.4<\/td><td width=\"583\">Bei Zahlungsverzug des Kunden kann die plan b computer UG Sicherungsrechte offen legen und alle Rechte selbst geltend machen. Der Kunde muss der plan b computer UG alle Unterlagen zur Geltendmachung aush\u00e4ndigen sowie umfassend und rechtzeitig von jedem obige Verpflichtungen betreffenden Vorgang Auskunft erteilen.<\/td><\/tr><tr><td height=\"10\">&nbsp;<\/td><\/tr><tr><td width=\"59\"><strong>9<\/strong><\/td><td width=\"583\"><strong>Gerichtsstand, anwendbares Recht<\/strong><\/td><\/tr><tr><td height=\"10\">&nbsp;<\/td><\/tr><tr><td width=\"59\">9.1<\/td><td width=\"583\">Beide Parteien erkl\u00e4ren sich damit einverstanden, dass Wiesbaden der ausschlie\u00dfliche Gerichtstand f\u00fcr alle Vertragsangelegenheiten ist.<\/td><\/tr><tr><td height=\"10\">&nbsp;<\/td><\/tr><tr><td width=\"59\">9.2<\/td><td width=\"583\">Es gilt ausschlie\u00dflich das Recht der Bundesrepublik Deutschland unter Ausschluss des UN-Kaufrechtes.<\/td><\/tr><tr><td height=\"10\">&nbsp;<\/td><\/tr><tr><td width=\"59\">9.3<\/td><td width=\"583\">Die Unwirksamkeit einer oder mehrerer Bestimmungen des Vertrages hat keinen Einfluss auf die Wirksamkeit der \u00fcbrigen Vertragsbestimmungen. Eine unwirksame Bestimmung ist durch diejenige wirksame zu ersetzen, die dem wirtschaftlichen Zweck der unwirksamen Bestimmung am n\u00e4chsten kommt.<\/td><\/tr><tr><td height=\"10\">&nbsp;<\/td><\/tr><\/tbody><\/table><\/div><\/article><\/div><\/div><footer id=\"colophon\"><div id=\"bottom-footer\" class=\"clearfix\"><div class=\"ak-container\">&nbsp;<\/div><\/div><\/footer><p><\/p>\t\t\t\t\t\t<\/div>\n\t\t\t\t<\/div>\n\t\t\t\t\t<\/div>\n\t\t<\/div>\n\t\t\t\t\t\t\t<\/div>\n\t\t<\/section>\n\t\t\t\t\t\t\t<\/div>\n\t\t","protected":false},"excerpt":{"rendered":"<p>AGB &#8211; Allgemeine Gesch\u00e4ftsbedingungen 1 Allgemeines, Geltungsbereich &nbsp; 1.1 F\u00fcr alle gegenw\u00e4rtigen und zuk\u00fcnftigen Gesch\u00e4ftsbeziehungen der plan b computer UG gelten ausschlie\u00dflich die hier aufgef\u00fchrten allgemeinen Gesch\u00e4ftsbedingungen. Entgegenstehende oder abweichende Gesch\u00e4ftsbedingungen sind selbst bei Kenntnis unverbindlich, es sei denn, die plan b computer UG stimmt deren Geltung schriftlich zu. S\u00e4mtlichen entgegenstehenden oder abweichenden Gesch\u00e4ftsbedingungen wird [&hellip;]<\/p>\n","protected":false},"author":2,"featured_media":0,"parent":0,"menu_order":0,"comment_status":"closed","ping_status":"closed","template":"elementor_header_footer","meta":[],"_links":{"self":[{"href":"https:\/\/pdf-barrierefrei.net\/index.php?rest_route=\/wp\/v2\/pages\/1154"}],"collection":[{"href":"https:\/\/pdf-barrierefrei.net\/index.php?rest_route=\/wp\/v2\/pages"}],"about":[{"href":"https:\/\/pdf-barrierefrei.net\/index.php?rest_route=\/wp\/v2\/types\/page"}],"author":[{"embeddable":true,"href":"https:\/\/pdf-barrierefrei.net\/index.php?rest_route=\/wp\/v2\/users\/2"}],"replies":[{"embeddable":true,"href":"https:\/\/pdf-barrierefrei.net\/index.php?rest_route=%2Fwp%2Fv2%2Fcomments&post=1154"}],"version-history":[{"count":7,"href":"https:\/\/pdf-barrierefrei.net\/index.php?rest_route=\/wp\/v2\/pages\/1154\/revisions"}],"predecessor-version":[{"id":1171,"href":"https:\/\/pdf-barrierefrei.net\/index.php?rest_route=\/wp\/v2\/pages\/1154\/revisions\/1171"}],"wp:attachment":[{"href":"https:\/\/pdf-barrierefrei.net\/index.php?rest_route=%2Fwp%2Fv2%2Fmedia&parent=1154"}],"curies":[{"name":"wp","href":"https:\/\/api.w.org\/{rel}","templated":true}]}}